{"id":8993,"date":"2022-04-26T01:45:20","date_gmt":"2022-04-26T01:45:20","guid":{"rendered":"https:\/\/villa-anthony.com\/index.php\/o-nama\/"},"modified":"2024-02-24T07:21:27","modified_gmt":"2024-02-24T07:21:27","slug":"o-nama","status":"publish","type":"page","link":"https:\/\/villa-anthony.com\/hr\/index.php\/o-nama\/","title":{"rendered":"O nama"},"content":{"rendered":"\t\t<div data-elementor-type=\"wp-page\" data-elementor-id=\"8993\" class=\"elementor elementor-8993 elementor-85\">\n\t\t\t\t\t\t<section class=\"elementor-section elementor-top-section elementor-element elementor-element-aede04d elementor-section-stretched elementor-section-boxed elementor-section-height-default elementor-section-height-default\" data-id=\"aede04d\" data-element_type=\"section\" data-settings=\"{&quot;stretch_section&quot;:&quot;section-stretched&quot;,&quot;background_background&quot;:&quot;classic&quot;}\">\n\t\t\t\t\t\t<div class=\"elementor-container elementor-column-gap-no\">\n\t\t\t\t\t<div class=\"elementor-column elementor-col-100 elementor-top-column elementor-element elementor-element-9c3b0bc\" data-id=\"9c3b0bc\" data-element_type=\"column\">\n\t\t\t<div class=\"elementor-widget-wrap elementor-element-populated\">\n\t\t\t\t\t\t<div class=\"elementor-element elementor-element-18716ee elementor-widget elementor-widget-spacer\" data-id=\"18716ee\" data-element_type=\"widget\" data-widget_type=\"spacer.default\">\n\t\t\t\t<div class=\"elementor-widget-container\">\n\t\t\t<style>\/*! elementor - v3.19.0 - 29-01-2024 *\/\n.elementor-column .elementor-spacer-inner{height:var(--spacer-size)}.e-con{--container-widget-width:100%}.e-con-inner>.elementor-widget-spacer,.e-con>.elementor-widget-spacer{width:var(--container-widget-width,var(--spacer-size));--align-self:var(--container-widget-align-self,initial);--flex-shrink:0}.e-con-inner>.elementor-widget-spacer>.elementor-widget-container,.e-con>.elementor-widget-spacer>.elementor-widget-container{height:100%;width:100%}.e-con-inner>.elementor-widget-spacer>.elementor-widget-container>.elementor-spacer,.e-con>.elementor-widget-spacer>.elementor-widget-container>.elementor-spacer{height:100%}.e-con-inner>.elementor-widget-spacer>.elementor-widget-container>.elementor-spacer>.elementor-spacer-inner,.e-con>.elementor-widget-spacer>.elementor-widget-container>.elementor-spacer>.elementor-spacer-inner{height:var(--container-widget-height,var(--spacer-size))}.e-con-inner>.elementor-widget-spacer.elementor-widget-empty,.e-con>.elementor-widget-spacer.elementor-widget-empty{position:relative;min-height:22px;min-width:22px}.e-con-inner>.elementor-widget-spacer.elementor-widget-empty .elementor-widget-empty-icon,.e-con>.elementor-widget-spacer.elementor-widget-empty .elementor-widget-empty-icon{position:absolute;top:0;bottom:0;left:0;right:0;margin:auto;padding:0;width:22px;height:22px}<\/style>\t\t<div class=\"elementor-spacer\">\n\t\t\t<div class=\"elementor-spacer-inner\"><\/div>\n\t\t<\/div>\n\t\t\t\t<\/div>\n\t\t\t\t<\/div>\n\t\t\t\t<div class=\"elementor-element elementor-element-9d803d5 elementor-widget elementor-widget-heading\" data-id=\"9d803d5\" data-element_type=\"widget\" data-widget_type=\"heading.default\">\n\t\t\t\t<div class=\"elementor-widget-container\">\n\t\t\t<style>\/*! elementor - v3.19.0 - 29-01-2024 *\/\n.elementor-heading-title{padding:0;margin:0;line-height:1}.elementor-widget-heading .elementor-heading-title[class*=elementor-size-]>a{color:inherit;font-size:inherit;line-height:inherit}.elementor-widget-heading .elementor-heading-title.elementor-size-small{font-size:15px}.elementor-widget-heading .elementor-heading-title.elementor-size-medium{font-size:19px}.elementor-widget-heading .elementor-heading-title.elementor-size-large{font-size:29px}.elementor-widget-heading .elementor-heading-title.elementor-size-xl{font-size:39px}.elementor-widget-heading .elementor-heading-title.elementor-size-xxl{font-size:59px}<\/style><h2 class=\"elementor-heading-title elementor-size-default\">Radujemo se va\u0161em posjetu.\n<\/h2>\t\t<\/div>\n\t\t\t\t<\/div>\n\t\t\t\t<div class=\"elementor-element elementor-element-5616fea elementor-widget elementor-widget-heading\" data-id=\"5616fea\" data-element_type=\"widget\" data-widget_type=\"heading.default\">\n\t\t\t\t<div class=\"elementor-widget-container\">\n\t\t\t<h2 class=\"elementor-heading-title elementor-size-default\">VA\u0160 DOMA\u0106IN<\/h2>\t\t<\/div>\n\t\t\t\t<\/div>\n\t\t\t\t<section class=\"elementor-section elementor-inner-section elementor-element elementor-element-336dd1f elementor-section-boxed elementor-section-height-default elementor-section-height-default\" data-id=\"336dd1f\" data-element_type=\"section\">\n\t\t\t\t\t\t<div class=\"elementor-container elementor-column-gap-no\">\n\t\t\t\t\t<div class=\"elementor-column elementor-col-100 elementor-inner-column elementor-element elementor-element-90da2c1\" data-id=\"90da2c1\" data-element_type=\"column\">\n\t\t\t<div class=\"elementor-widget-wrap elementor-element-populated\">\n\t\t\t\t\t\t<div class=\"elementor-element elementor-element-16f221c elementor-widget elementor-widget-text-editor\" data-id=\"16f221c\" data-element_type=\"widget\" data-widget_type=\"text-editor.default\">\n\t\t\t\t<div class=\"elementor-widget-container\">\n\t\t\t<style>\/*! elementor - v3.19.0 - 29-01-2024 *\/\n.elementor-widget-text-editor.elementor-drop-cap-view-stacked .elementor-drop-cap{background-color:#69727d;color:#fff}.elementor-widget-text-editor.elementor-drop-cap-view-framed .elementor-drop-cap{color:#69727d;border:3px solid;background-color:transparent}.elementor-widget-text-editor:not(.elementor-drop-cap-view-default) .elementor-drop-cap{margin-top:8px}.elementor-widget-text-editor:not(.elementor-drop-cap-view-default) .elementor-drop-cap-letter{width:1em;height:1em}.elementor-widget-text-editor .elementor-drop-cap{float:left;text-align:center;line-height:1;font-size:50px}.elementor-widget-text-editor .elementor-drop-cap-letter{display:inline-block}<\/style>\t\t\t\t<p>\u017divot je beskrajno putovanje prepuno nevjerojatnih avantura i neo\u010dekivanih mjesta koje nas u\u010di po\u0161tovati razli\u010dite kulture i tradicije, gdje upoznajemo ljude koji \u0107e vam dirnuti srce i promijeniti na\u010din na koji gledate na \u017eivot. Ove lijepe uspomene zauvijek ostaju s vama i svaki put kad ih se prisjetite, iznova se pojavljuju jedinstveni osje\u0107aji.<br \/>Villa Anthony nastoji biti jedna od onih dragih uspomena, mjesto i ljudi koji vas diraju u du\u0161u i ostavljaju trajan dojam.<br \/>\u017delimo biti dio va\u0161eg \u017eivotnog putovanja da se rado vratite i ponovo otkrijete nas i sebe.<\/p>\t\t\t\t\t\t<\/div>\n\t\t\t\t<\/div>\n\t\t\t\t<div class=\"elementor-element elementor-element-b70ad8e elementor-widget elementor-widget-heading\" data-id=\"b70ad8e\" data-element_type=\"widget\" data-widget_type=\"heading.default\">\n\t\t\t\t<div class=\"elementor-widget-container\">\n\t\t\t<div class=\"elementor-heading-title elementor-size-small\">Ksenija<\/div>\t\t<\/div>\n\t\t\t\t<\/div>\n\t\t\t\t<div class=\"elementor-element elementor-element-33a1258 elementor-widget elementor-widget-text-editor\" data-id=\"33a1258\" data-element_type=\"widget\" data-widget_type=\"text-editor.default\">\n\t\t\t\t<div class=\"elementor-widget-container\">\n\t\t\t\t\t\t\t<p>Ksenija\u00a0<\/p>\n\t\t\t\t\t\t<\/div>\n\t\t\t\t<\/div>\n\t\t\t\t\t<\/div>\n\t\t<\/div>\n\t\t\t\t\t<\/div>\n\t\t<\/section>\n\t\t\t\t\t<\/div>\n\t\t<\/div>\n\t\t\t\t\t<\/div>\n\t\t<\/section>\n\t\t\t\t<section class=\"elementor-section elementor-top-section elementor-element elementor-element-ae7ec3a elementor-section-stretched elementor-section-boxed elementor-section-height-default elementor-section-height-default\" data-id=\"ae7ec3a\" data-element_type=\"section\" data-settings=\"{&quot;stretch_section&quot;:&quot;section-stretched&quot;}\">\n\t\t\t\t\t\t<div class=\"elementor-container elementor-column-gap-no\">\n\t\t\t\t\t<div class=\"elementor-column elementor-col-50 elementor-top-column elementor-element elementor-element-9e59038\" data-id=\"9e59038\" data-element_type=\"column\">\n\t\t\t<div class=\"elementor-widget-wrap elementor-element-populated\">\n\t\t\t\t\t\t<div class=\"elementor-element elementor-element-aec223a elementor-widget elementor-widget-spacer\" data-id=\"aec223a\" data-element_type=\"widget\" data-widget_type=\"spacer.default\">\n\t\t\t\t<div class=\"elementor-widget-container\">\n\t\t\t\t\t<div class=\"elementor-spacer\">\n\t\t\t<div class=\"elementor-spacer-inner\"><\/div>\n\t\t<\/div>\n\t\t\t\t<\/div>\n\t\t\t\t<\/div>\n\t\t\t\t<div class=\"elementor-element elementor-element-0afa008 elementor-widget elementor-widget-heading\" data-id=\"0afa008\" data-element_type=\"widget\" data-widget_type=\"heading.default\">\n\t\t\t\t<div class=\"elementor-widget-container\">\n\t\t\t<h2 class=\"elementor-heading-title elementor-size-default\">Na\u0161a pri\u010da<\/h2>\t\t<\/div>\n\t\t\t\t<\/div>\n\t\t\t\t<div class=\"elementor-element elementor-element-9440922 elementor-widget__width-initial elementor-widget elementor-widget-heading\" data-id=\"9440922\" data-element_type=\"widget\" data-widget_type=\"heading.default\">\n\t\t\t\t<div class=\"elementor-widget-container\">\n\t\t\t<h2 class=\"elementor-heading-title elementor-size-default\">\u0160ARMANTNI APARTMANI<\/h2>\t\t<\/div>\n\t\t\t\t<\/div>\n\t\t\t\t<div class=\"elementor-element elementor-element-4b0f00e elementor-tabs-view-horizontal elementor-widget elementor-widget-seasona-tabs elementor-widget-tabs\" data-id=\"4b0f00e\" data-element_type=\"widget\" data-widget_type=\"seasona-tabs.default\">\n\t\t\t\t<div class=\"elementor-widget-container\">\n\t\t\t<style>\/*! elementor - v3.19.0 - 29-01-2024 *\/\n.elementor-widget-tabs.elementor-tabs-view-vertical .elementor-tabs-wrapper{width:25%;flex-shrink:0}.elementor-widget-tabs.elementor-tabs-view-vertical .elementor-tab-desktop-title.elementor-active{border-right-style:none}.elementor-widget-tabs.elementor-tabs-view-vertical .elementor-tab-desktop-title.elementor-active:after,.elementor-widget-tabs.elementor-tabs-view-vertical .elementor-tab-desktop-title.elementor-active:before{height:999em;width:0;right:0;border-right-style:solid}.elementor-widget-tabs.elementor-tabs-view-vertical .elementor-tab-desktop-title.elementor-active:before{top:0;transform:translateY(-100%)}.elementor-widget-tabs.elementor-tabs-view-vertical .elementor-tab-desktop-title.elementor-active:after{top:100%}.elementor-widget-tabs.elementor-tabs-view-horizontal .elementor-tab-desktop-title{display:table-cell}.elementor-widget-tabs.elementor-tabs-view-horizontal .elementor-tab-desktop-title.elementor-active{border-bottom-style:none}.elementor-widget-tabs.elementor-tabs-view-horizontal .elementor-tab-desktop-title.elementor-active:after,.elementor-widget-tabs.elementor-tabs-view-horizontal .elementor-tab-desktop-title.elementor-active:before{bottom:0;height:0;width:999em;border-bottom-style:solid}.elementor-widget-tabs.elementor-tabs-view-horizontal .elementor-tab-desktop-title.elementor-active:before{right:100%}.elementor-widget-tabs.elementor-tabs-view-horizontal .elementor-tab-desktop-title.elementor-active:after{left:100%}.elementor-widget-tabs .elementor-tab-content,.elementor-widget-tabs .elementor-tab-title,.elementor-widget-tabs .elementor-tab-title:after,.elementor-widget-tabs .elementor-tab-title:before,.elementor-widget-tabs .elementor-tabs-content-wrapper{border:1px #d5d8dc}.elementor-widget-tabs .elementor-tabs{text-align:left}.elementor-widget-tabs .elementor-tabs-wrapper{overflow:hidden}.elementor-widget-tabs .elementor-tab-title{cursor:pointer;outline:var(--focus-outline,none)}.elementor-widget-tabs .elementor-tab-desktop-title{position:relative;padding:20px 25px;font-weight:700;line-height:1;border:solid transparent}.elementor-widget-tabs .elementor-tab-desktop-title.elementor-active{border-color:#d5d8dc}.elementor-widget-tabs .elementor-tab-desktop-title.elementor-active:after,.elementor-widget-tabs .elementor-tab-desktop-title.elementor-active:before{display:block;content:\"\";position:absolute}.elementor-widget-tabs .elementor-tab-desktop-title:focus-visible{border:1px solid #000}.elementor-widget-tabs .elementor-tab-mobile-title{padding:10px;cursor:pointer}.elementor-widget-tabs .elementor-tab-content{padding:20px;display:none}@media (max-width:767px){.elementor-tabs .elementor-tab-content,.elementor-tabs .elementor-tab-title{border-style:solid solid none}.elementor-tabs .elementor-tabs-wrapper{display:none}.elementor-tabs .elementor-tabs-content-wrapper{border-bottom-style:solid}.elementor-tabs .elementor-tab-content{padding:10px}}@media (min-width:768px){.elementor-widget-tabs.elementor-tabs-view-vertical .elementor-tabs{display:flex}.elementor-widget-tabs.elementor-tabs-view-vertical .elementor-tabs-wrapper{flex-direction:column}.elementor-widget-tabs.elementor-tabs-view-vertical .elementor-tabs-content-wrapper{flex-grow:1;border-style:solid solid solid none}.elementor-widget-tabs.elementor-tabs-view-horizontal .elementor-tab-content{border-style:none solid solid}.elementor-widget-tabs.elementor-tabs-alignment-center .elementor-tabs-wrapper,.elementor-widget-tabs.elementor-tabs-alignment-end .elementor-tabs-wrapper,.elementor-widget-tabs.elementor-tabs-alignment-stretch .elementor-tabs-wrapper{display:flex}.elementor-widget-tabs.elementor-tabs-alignment-center .elementor-tabs-wrapper{justify-content:center}.elementor-widget-tabs.elementor-tabs-alignment-end .elementor-tabs-wrapper{justify-content:flex-end}.elementor-widget-tabs.elementor-tabs-alignment-stretch.elementor-tabs-view-horizontal .elementor-tab-title{width:100%}.elementor-widget-tabs.elementor-tabs-alignment-stretch.elementor-tabs-view-vertical .elementor-tab-title{height:100%}.elementor-tabs .elementor-tab-mobile-title{display:none}}<\/style>        <div class=\"elementor-tabs\" role=\"tablist\">\n            <div class=\"elementor-tabs-wrapper\">\n                                    <div id=\"elementor-tab-title-7871\" class=\"elementor-tab-title elementor-active elementor-repeater-item-0c9967b\" data-tab=\"1\" role=\"tab\" aria-controls=\"elementor-tab-content-7871\">\n                        <span class=\"title\">Na\u0161a misija<\/span>\n                                            <\/div>\n                                    <div id=\"elementor-tab-title-7872\" class=\"elementor-tab-title  elementor-repeater-item-f9dbdd7\" data-tab=\"2\" role=\"tab\" aria-controls=\"elementor-tab-content-7872\">\n                        <span class=\"title\">Na\u0161 pogled<\/span>\n                                            <\/div>\n                \n                \n            <\/div>\n            <div class=\"elementor-tabs-content-wrapper\">\n                                    <div id=\"elementor-tab-content-7871\" class=\"elementor-tab-content elementor-clearfix elementor-active elementor-repeater-item-0c9967b\" data-tab=\"1\" role=\"tabpanel\" aria-labelledby=\"elementor-tab-title-7871\">\n                                                    <p>U Villi Anthony smatramo na\u0161om misijom pru\u017eiti na\u0161im gostima iskustvo koje nadilazi<br \/>njihova o\u010dekivanja. Nastojimo stvoriti gostoljubivu i ugodnu atmosferu u kojoj se sjedinjuju udobnost, prakti\u010dnost i elegancija, a gosti se mogu opustiti i prepustiti te stvoriti nezaboravan odmor.<\/p><p>Na\u0161a predanost detaljima ogleda se u svakom aspektu na\u0161eg posjeda. Posve\u0107eni smo tome da se na\u0161i gosti osje\u0107aju kao kod ku\u0107e i da imaju sve \u0161to im je potrebno za opu\u0161tanje i u\u017eivanje u boravku.<\/p><p>Tako\u0111er se zala\u017eemo za o\u010duvanje ljepote i mira na\u0161eg okru\u017eenja u Rovinju.<br \/>Nastojimo upravljati na\u0161im posjedom na ekolo\u0161ki odgovoran na\u010din i poduprijeti lokalnu<br \/>zajednicu promi\u010du\u0107i prakse odr\u017eivog turizma.<\/p><p>U Villi Anthony, na\u0161a misija je pru\u017eiti uistinu iznimno iskustvo koje ostavlja na\u0161e goste<br \/>pomla\u0111eno, nadahnuto i \u017eeljno se vratiti. Na\u0161 cilj je biti najbolji izbor za one koji tra\u017ee udoban i miran odmor u Rovinju na prekrasnom Jadranskom moru.<\/p>                                            <\/div>\n\n                                    <div id=\"elementor-tab-content-7872\" class=\"elementor-tab-content elementor-clearfix  elementor-repeater-item-f9dbdd7\" data-tab=\"2\" role=\"tabpanel\" aria-labelledby=\"elementor-tab-title-7872\">\n                                                    <p>Villa Anthony predana je pro\u0161irenju svog portfelja nekretnina kako bi nastavila pru\u017eati neusporediva iskustva na\u0161im cijenjenim gostima. Na\u0161a vizija su novi objekti privatnog smje\u0161taja koji su u skladu s na\u0161im standardima udobnosti, prakti\u010dnosti i elegancije, objekti koji nude iznimne pogodnosti koje zadovoljavaju potrebe na\u0161ih gostiju.<\/p><p>Cilj nam je iskoristiti na\u0161u stru\u010dnost i znanje o trenutnim trendovima za planiranje, upravljanje i nadzor novih nekretnina prema najvi\u0161im standardima, zadr\u017eati poziciju najboljeg izbora za one koji tra\u017ee ugodan i miran odmor na prekrasnom Jadranskom moru, te nastaviti nadma\u0161ivati \u200b\u200bo\u010dekivanja na\u0161ih gostiju.<\/p><p>Kako \u0161irimo svoj portfelj, ostajemo posve\u0107eni na\u0161oj predanosti praksi odr\u017eivog turizma i o\u010duvanju prirodne ljepote na\u0161eg okru\u017eenja. Nastojimo pozitivno utjecati na lokalnu zajednicu i pridonijeti rastu i razvoju turisti\u010dke industrije u Hrvatskoj. Nastojimo stvoriti trajnu vrijednost i pozitivan u\u010dinak za sve kojima slu\u017eimo.<\/p><p>\u00a0<\/p>                                            <\/div>\n\n                            <\/div>\n        <\/div>\n        \t\t<\/div>\n\t\t\t\t<\/div>\n\t\t\t\t<section class=\"elementor-section elementor-inner-section elementor-element elementor-element-671ee00 elementor-section-boxed elementor-section-height-default elementor-section-height-default\" data-id=\"671ee00\" data-element_type=\"section\">\n\t\t\t\t\t\t<div class=\"elementor-container elementor-column-gap-no\">\n\t\t\t\t\t<div class=\"elementor-column elementor-col-50 elementor-inner-column elementor-element elementor-element-7446636\" data-id=\"7446636\" data-element_type=\"column\">\n\t\t\t<div class=\"elementor-widget-wrap elementor-element-populated\">\n\t\t\t\t\t\t<div class=\"elementor-element elementor-element-fd75c97 elementor-widget__width-initial elementor-widget elementor-widget-image\" data-id=\"fd75c97\" data-element_type=\"widget\" data-widget_type=\"image.default\">\n\t\t\t\t<div class=\"elementor-widget-container\">\n\t\t\t<style>\/*! elementor - v3.19.0 - 29-01-2024 *\/\n.elementor-widget-image{text-align:center}.elementor-widget-image a{display:inline-block}.elementor-widget-image a img[src$=\".svg\"]{width:48px}.elementor-widget-image img{vertical-align:middle;display:inline-block}<\/style>\t\t\t\t\t\t\t\t\t\t<img fetchpriority=\"high\" decoding=\"async\" width=\"939\" height=\"600\" src=\"https:\/\/villa-anthony.com\/wp-content\/uploads\/2023\/01\/about_us_3.jpg\" class=\"attachment-full size-full wp-image-7549\" alt=\"\" srcset=\"https:\/\/villa-anthony.com\/wp-content\/uploads\/2023\/01\/about_us_3.jpg 939w, https:\/\/villa-anthony.com\/wp-content\/uploads\/2023\/01\/about_us_3-300x192.jpg 300w, https:\/\/villa-anthony.com\/wp-content\/uploads\/2023\/01\/about_us_3-768x491.jpg 768w\" sizes=\"(max-width: 939px) 100vw, 939px\" \/>\t\t\t\t\t\t\t\t\t\t\t\t\t<\/div>\n\t\t\t\t<\/div>\n\t\t\t\t\t<\/div>\n\t\t<\/div>\n\t\t\t\t<div class=\"elementor-column elementor-col-50 elementor-inner-column elementor-element elementor-element-7b9742b\" data-id=\"7b9742b\" data-element_type=\"column\">\n\t\t\t<div class=\"elementor-widget-wrap elementor-element-populated\">\n\t\t\t\t\t\t<div class=\"elementor-element elementor-element-2722212 elementor-widget__width-initial elementor-widget elementor-widget-image\" data-id=\"2722212\" data-element_type=\"widget\" data-widget_type=\"image.default\">\n\t\t\t\t<div class=\"elementor-widget-container\">\n\t\t\t\t\t\t\t\t\t\t\t\t\t<img decoding=\"async\" width=\"630\" height=\"780\" src=\"https:\/\/villa-anthony.com\/wp-content\/uploads\/2023\/01\/about_us_2.jpg\" class=\"attachment-full size-full wp-image-7545\" alt=\"\" srcset=\"https:\/\/villa-anthony.com\/wp-content\/uploads\/2023\/01\/about_us_2.jpg 630w, https:\/\/villa-anthony.com\/wp-content\/uploads\/2023\/01\/about_us_2-242x300.jpg 242w\" sizes=\"(max-width: 630px) 100vw, 630px\" \/>\t\t\t\t\t\t\t\t\t\t\t\t\t<\/div>\n\t\t\t\t<\/div>\n\t\t\t\t\t<\/div>\n\t\t<\/div>\n\t\t\t\t\t<\/div>\n\t\t<\/section>\n\t\t\t\t\t<\/div>\n\t\t<\/div>\n\t\t\t\t<div class=\"elementor-column elementor-col-50 elementor-top-column elementor-element elementor-element-68c3ccb\" data-id=\"68c3ccb\" data-element_type=\"column\">\n\t\t\t<div class=\"elementor-widget-wrap elementor-element-populated\">\n\t\t\t\t\t\t<div class=\"elementor-element elementor-element-45ffef2 elementor-widget elementor-widget-image\" data-id=\"45ffef2\" data-element_type=\"widget\" data-widget_type=\"image.default\">\n\t\t\t\t<div class=\"elementor-widget-container\">\n\t\t\t\t\t\t\t\t\t\t\t\t\t<img decoding=\"async\" width=\"500\" height=\"683\" src=\"https:\/\/villa-anthony.com\/wp-content\/uploads\/2023\/01\/villa_anthony_rovinj_about_us.jpg\" class=\"attachment-full size-full wp-image-7543\" alt=\"\" srcset=\"https:\/\/villa-anthony.com\/wp-content\/uploads\/2023\/01\/villa_anthony_rovinj_about_us.jpg 500w, https:\/\/villa-anthony.com\/wp-content\/uploads\/2023\/01\/villa_anthony_rovinj_about_us-220x300.jpg 220w\" sizes=\"(max-width: 500px) 100vw, 500px\" \/>\t\t\t\t\t\t\t\t\t\t\t\t\t<\/div>\n\t\t\t\t<\/div>\n\t\t\t\t\t<\/div>\n\t\t<\/div>\n\t\t\t\t\t<\/div>\n\t\t<\/section>\n\t\t\t\t<section class=\"elementor-section elementor-top-section elementor-element elementor-element-a0e3a11 elementor-section-stretched elementor-section-boxed elementor-section-height-default elementor-section-height-default\" data-id=\"a0e3a11\" data-element_type=\"section\" data-settings=\"{&quot;stretch_section&quot;:&quot;section-stretched&quot;,&quot;background_background&quot;:&quot;classic&quot;}\">\n\t\t\t\t\t\t<div class=\"elementor-container elementor-column-gap-no\">\n\t\t\t\t\t<div class=\"elementor-column elementor-col-50 elementor-top-column elementor-element elementor-element-4070233\" data-id=\"4070233\" data-element_type=\"column\" data-settings=\"{&quot;background_background&quot;:&quot;classic&quot;}\">\n\t\t\t<div class=\"elementor-widget-wrap elementor-element-populated\">\n\t\t\t\t\t\t<div class=\"elementor-element elementor-element-ec03221 elementor-widget elementor-widget-spacer\" data-id=\"ec03221\" data-element_type=\"widget\" data-widget_type=\"spacer.default\">\n\t\t\t\t<div class=\"elementor-widget-container\">\n\t\t\t\t\t<div class=\"elementor-spacer\">\n\t\t\t<div class=\"elementor-spacer-inner\"><\/div>\n\t\t<\/div>\n\t\t\t\t<\/div>\n\t\t\t\t<\/div>\n\t\t\t\t\t<\/div>\n\t\t<\/div>\n\t\t\t\t<div class=\"elementor-column elementor-col-50 elementor-top-column elementor-element elementor-element-19c1996 elementor-hidden-mobile\" data-id=\"19c1996\" data-element_type=\"column\">\n\t\t\t<div class=\"elementor-widget-wrap\">\n\t\t\t\t\t\t\t<\/div>\n\t\t<\/div>\n\t\t\t\t\t<\/div>\n\t\t<\/section>\n\t\t\t\t<\/div>\n\t\t","protected":false},"excerpt":{"rendered":"<p>Radujemo se va\u0161em posjetu. VA\u0160 DOMA\u0106IN \u017divot je beskrajno putovanje prepuno nevjerojatnih avantura i neo\u010dekivanih mjesta koje nas u\u010di po\u0161tovati razli\u010dite kulture i tradicije, gdje upoznajemo ljude koji \u0107e vam dirnuti srce i promijeniti na\u010din na koji gledate na \u017eivot. Ove lijepe uspomene zauvijek ostaju s vama i svaki put kad ih se prisjetite, iznova [&hellip;]<\/p>\n","protected":false},"author":1,"featured_media":0,"parent":0,"menu_order":0,"comment_status":"closed","ping_status":"closed","template":"template-homepage.php","meta":{"inline_featured_image":false,"footnotes":""},"_links":{"self":[{"href":"https:\/\/villa-anthony.com\/hr\/index.php\/wp-json\/wp\/v2\/pages\/8993"}],"collection":[{"href":"https:\/\/villa-anthony.com\/hr\/index.php\/wp-json\/wp\/v2\/pages"}],"about":[{"href":"https:\/\/villa-anthony.com\/hr\/index.php\/wp-json\/wp\/v2\/types\/page"}],"author":[{"embeddable":true,"href":"https:\/\/villa-anthony.com\/hr\/index.php\/wp-json\/wp\/v2\/users\/1"}],"replies":[{"embeddable":true,"href":"https:\/\/villa-anthony.com\/hr\/index.php\/wp-json\/wp\/v2\/comments?post=8993"}],"version-history":[{"count":13,"href":"https:\/\/villa-anthony.com\/hr\/index.php\/wp-json\/wp\/v2\/pages\/8993\/revisions"}],"predecessor-version":[{"id":9006,"href":"https:\/\/villa-anthony.com\/hr\/index.php\/wp-json\/wp\/v2\/pages\/8993\/revisions\/9006"}],"wp:attachment":[{"href":"https:\/\/villa-anthony.com\/hr\/index.php\/wp-json\/wp\/v2\/media?parent=8993"}],"curies":[{"name":"wp","href":"https:\/\/api.w.org\/{rel}","templated":true}]}}