{"id":8664,"date":"2022-04-26T01:45:20","date_gmt":"2022-04-26T01:45:20","guid":{"rendered":"https:\/\/radical-innovators.cloud\/villa\/index.php\/ueber-uns\/"},"modified":"2026-02-18T09:09:47","modified_gmt":"2026-02-18T09:09:47","slug":"ueber-uns","status":"publish","type":"page","link":"https:\/\/villa-anthony.com\/de\/index.php\/ueber-uns\/","title":{"rendered":"\u00dcber uns"},"content":{"rendered":"\t\t<div data-elementor-type=\"wp-page\" data-elementor-id=\"8664\" class=\"elementor elementor-8664 elementor-85\">\n\t\t\t\t\t\t<section class=\"elementor-section elementor-top-section elementor-element elementor-element-aede04d elementor-section-stretched elementor-section-boxed elementor-section-height-default elementor-section-height-default\" data-id=\"aede04d\" data-element_type=\"section\" data-settings=\"{&quot;stretch_section&quot;:&quot;section-stretched&quot;,&quot;background_background&quot;:&quot;classic&quot;}\">\n\t\t\t\t\t\t<div class=\"elementor-container elementor-column-gap-no\">\n\t\t\t\t\t<div class=\"elementor-column elementor-col-100 elementor-top-column elementor-element elementor-element-9c3b0bc\" data-id=\"9c3b0bc\" data-element_type=\"column\">\n\t\t\t<div class=\"elementor-widget-wrap elementor-element-populated\">\n\t\t\t\t\t\t<div class=\"elementor-element elementor-element-18716ee elementor-widget elementor-widget-spacer\" data-id=\"18716ee\" data-element_type=\"widget\" data-widget_type=\"spacer.default\">\n\t\t\t\t<div class=\"elementor-widget-container\">\n\t\t\t<style>\/*! elementor - v3.19.0 - 29-01-2024 *\/\n.elementor-column .elementor-spacer-inner{height:var(--spacer-size)}.e-con{--container-widget-width:100%}.e-con-inner>.elementor-widget-spacer,.e-con>.elementor-widget-spacer{width:var(--container-widget-width,var(--spacer-size));--align-self:var(--container-widget-align-self,initial);--flex-shrink:0}.e-con-inner>.elementor-widget-spacer>.elementor-widget-container,.e-con>.elementor-widget-spacer>.elementor-widget-container{height:100%;width:100%}.e-con-inner>.elementor-widget-spacer>.elementor-widget-container>.elementor-spacer,.e-con>.elementor-widget-spacer>.elementor-widget-container>.elementor-spacer{height:100%}.e-con-inner>.elementor-widget-spacer>.elementor-widget-container>.elementor-spacer>.elementor-spacer-inner,.e-con>.elementor-widget-spacer>.elementor-widget-container>.elementor-spacer>.elementor-spacer-inner{height:var(--container-widget-height,var(--spacer-size))}.e-con-inner>.elementor-widget-spacer.elementor-widget-empty,.e-con>.elementor-widget-spacer.elementor-widget-empty{position:relative;min-height:22px;min-width:22px}.e-con-inner>.elementor-widget-spacer.elementor-widget-empty .elementor-widget-empty-icon,.e-con>.elementor-widget-spacer.elementor-widget-empty .elementor-widget-empty-icon{position:absolute;top:0;bottom:0;left:0;right:0;margin:auto;padding:0;width:22px;height:22px}<\/style>\t\t<div class=\"elementor-spacer\">\n\t\t\t<div class=\"elementor-spacer-inner\"><\/div>\n\t\t<\/div>\n\t\t\t\t<\/div>\n\t\t\t\t<\/div>\n\t\t\t\t<div class=\"elementor-element elementor-element-9d803d5 elementor-widget elementor-widget-heading\" data-id=\"9d803d5\" data-element_type=\"widget\" data-widget_type=\"heading.default\">\n\t\t\t\t<div class=\"elementor-widget-container\">\n\t\t\t<style>\/*! elementor - v3.19.0 - 29-01-2024 *\/\n.elementor-heading-title{padding:0;margin:0;line-height:1}.elementor-widget-heading .elementor-heading-title[class*=elementor-size-]>a{color:inherit;font-size:inherit;line-height:inherit}.elementor-widget-heading .elementor-heading-title.elementor-size-small{font-size:15px}.elementor-widget-heading .elementor-heading-title.elementor-size-medium{font-size:19px}.elementor-widget-heading .elementor-heading-title.elementor-size-large{font-size:29px}.elementor-widget-heading .elementor-heading-title.elementor-size-xl{font-size:39px}.elementor-widget-heading .elementor-heading-title.elementor-size-xxl{font-size:59px}<\/style><h2 class=\"elementor-heading-title elementor-size-default\">Wir freuen uns auf Deinen Besuch<\/h2>\t\t<\/div>\n\t\t\t\t<\/div>\n\t\t\t\t<div class=\"elementor-element elementor-element-5616fea elementor-widget elementor-widget-heading\" data-id=\"5616fea\" data-element_type=\"widget\" data-widget_type=\"heading.default\">\n\t\t\t\t<div class=\"elementor-widget-container\">\n\t\t\t<h2 class=\"elementor-heading-title elementor-size-default\">Villa Anthony<\/h2>\t\t<\/div>\n\t\t\t\t<\/div>\n\t\t\t\t<section class=\"elementor-section elementor-inner-section elementor-element elementor-element-336dd1f elementor-section-boxed elementor-section-height-default elementor-section-height-default\" data-id=\"336dd1f\" data-element_type=\"section\">\n\t\t\t\t\t\t<div class=\"elementor-container elementor-column-gap-no\">\n\t\t\t\t\t<div class=\"elementor-column elementor-col-100 elementor-inner-column elementor-element elementor-element-90da2c1\" data-id=\"90da2c1\" data-element_type=\"column\">\n\t\t\t<div class=\"elementor-widget-wrap elementor-element-populated\">\n\t\t\t\t\t\t<div class=\"elementor-element elementor-element-16f221c elementor-widget elementor-widget-text-editor\" data-id=\"16f221c\" data-element_type=\"widget\" data-widget_type=\"text-editor.default\">\n\t\t\t\t<div class=\"elementor-widget-container\">\n\t\t\t<style>\/*! elementor - v3.19.0 - 29-01-2024 *\/\n.elementor-widget-text-editor.elementor-drop-cap-view-stacked .elementor-drop-cap{background-color:#69727d;color:#fff}.elementor-widget-text-editor.elementor-drop-cap-view-framed .elementor-drop-cap{color:#69727d;border:3px solid;background-color:transparent}.elementor-widget-text-editor:not(.elementor-drop-cap-view-default) .elementor-drop-cap{margin-top:8px}.elementor-widget-text-editor:not(.elementor-drop-cap-view-default) .elementor-drop-cap-letter{width:1em;height:1em}.elementor-widget-text-editor .elementor-drop-cap{float:left;text-align:center;line-height:1;font-size:50px}.elementor-widget-text-editor .elementor-drop-cap-letter{display:inline-block}<\/style>\t\t\t\t<p><span style=\"font-weight: 400;\">\u201eDas Leben ist eine endlose Reise voller erstaunlicher Abenteuer, die Dich an unerwartete Orte f\u00fchrt und Dir beibringt, unterschiedliche Kulturen und Traditionen zu respektieren. Du wirst Menschen treffen, die Dein Herz ber\u00fchren und Deine Sicht auf das Leben ver\u00e4ndern. Diese sch\u00f6nen Erinnerungen bleiben f\u00fcr immer in Deiner Erinnerung und jedes Mal, wenn Du Dich erinnerst, tauchen einzigartige Gef\u00fchle wieder auf.<\/span><\/p><p><span style=\"font-weight: 400;\">Villa Anthony m\u00f6chte eine dieser gesch\u00e4tzten Erinnerungen sein, ein Ort, der Dich ber\u00fchrt und einen bleibenden Eindruck hinterl\u00e4sst. Villa Anthony m\u00f6chte Teil Deiner Lebensreise sein an dem Du gerne zur\u00fcckkommst und Dich selbst neu entdeckst.&#8221;<\/span><\/p>\t\t\t\t\t\t<\/div>\n\t\t\t\t<\/div>\n\t\t\t\t<div class=\"elementor-element elementor-element-b70ad8e elementor-widget elementor-widget-heading\" data-id=\"b70ad8e\" data-element_type=\"widget\" data-widget_type=\"heading.default\">\n\t\t\t\t<div class=\"elementor-widget-container\">\n\t\t\t<div class=\"elementor-heading-title elementor-size-small\">Ksenija<\/div>\t\t<\/div>\n\t\t\t\t<\/div>\n\t\t\t\t<div class=\"elementor-element elementor-element-33a1258 elementor-widget elementor-widget-text-editor\" data-id=\"33a1258\" data-element_type=\"widget\" data-widget_type=\"text-editor.default\">\n\t\t\t\t<div class=\"elementor-widget-container\">\n\t\t\t\t\t\t\t<p>Ksenija <\/p>\n\t\t\t\t\t\t<\/div>\n\t\t\t\t<\/div>\n\t\t\t\t\t<\/div>\n\t\t<\/div>\n\t\t\t\t\t<\/div>\n\t\t<\/section>\n\t\t\t\t\t<\/div>\n\t\t<\/div>\n\t\t\t\t\t<\/div>\n\t\t<\/section>\n\t\t\t\t<section class=\"elementor-section elementor-top-section elementor-element elementor-element-ae7ec3a elementor-section-stretched elementor-section-boxed elementor-section-height-default elementor-section-height-default\" data-id=\"ae7ec3a\" data-element_type=\"section\" data-settings=\"{&quot;stretch_section&quot;:&quot;section-stretched&quot;}\">\n\t\t\t\t\t\t<div class=\"elementor-container elementor-column-gap-no\">\n\t\t\t\t\t<div class=\"elementor-column elementor-col-50 elementor-top-column elementor-element elementor-element-9e59038\" data-id=\"9e59038\" data-element_type=\"column\">\n\t\t\t<div class=\"elementor-widget-wrap elementor-element-populated\">\n\t\t\t\t\t\t<div class=\"elementor-element elementor-element-aec223a elementor-widget elementor-widget-spacer\" data-id=\"aec223a\" data-element_type=\"widget\" data-widget_type=\"spacer.default\">\n\t\t\t\t<div class=\"elementor-widget-container\">\n\t\t\t\t\t<div class=\"elementor-spacer\">\n\t\t\t<div class=\"elementor-spacer-inner\"><\/div>\n\t\t<\/div>\n\t\t\t\t<\/div>\n\t\t\t\t<\/div>\n\t\t\t\t<div class=\"elementor-element elementor-element-0afa008 elementor-widget elementor-widget-heading\" data-id=\"0afa008\" data-element_type=\"widget\" data-widget_type=\"heading.default\">\n\t\t\t\t<div class=\"elementor-widget-container\">\n\t\t\t<h2 class=\"elementor-heading-title elementor-size-default\">Unsere Geschichte<\/h2>\t\t<\/div>\n\t\t\t\t<\/div>\n\t\t\t\t<div class=\"elementor-element elementor-element-9440922 elementor-widget__width-initial elementor-widget elementor-widget-heading\" data-id=\"9440922\" data-element_type=\"widget\" data-widget_type=\"heading.default\">\n\t\t\t\t<div class=\"elementor-widget-container\">\n\t\t\t<h2 class=\"elementor-heading-title elementor-size-default\">Charmante Apartments<\/h2>\t\t<\/div>\n\t\t\t\t<\/div>\n\t\t\t\t<div class=\"elementor-element elementor-element-4b0f00e elementor-tabs-view-horizontal elementor-widget elementor-widget-seasona-tabs elementor-widget-tabs\" data-id=\"4b0f00e\" data-element_type=\"widget\" data-widget_type=\"seasona-tabs.default\">\n\t\t\t\t<div class=\"elementor-widget-container\">\n\t\t\t<style>\/*! elementor - v3.19.0 - 29-01-2024 *\/\n.elementor-widget-tabs.elementor-tabs-view-vertical .elementor-tabs-wrapper{width:25%;flex-shrink:0}.elementor-widget-tabs.elementor-tabs-view-vertical .elementor-tab-desktop-title.elementor-active{border-right-style:none}.elementor-widget-tabs.elementor-tabs-view-vertical .elementor-tab-desktop-title.elementor-active:after,.elementor-widget-tabs.elementor-tabs-view-vertical .elementor-tab-desktop-title.elementor-active:before{height:999em;width:0;right:0;border-right-style:solid}.elementor-widget-tabs.elementor-tabs-view-vertical .elementor-tab-desktop-title.elementor-active:before{top:0;transform:translateY(-100%)}.elementor-widget-tabs.elementor-tabs-view-vertical .elementor-tab-desktop-title.elementor-active:after{top:100%}.elementor-widget-tabs.elementor-tabs-view-horizontal .elementor-tab-desktop-title{display:table-cell}.elementor-widget-tabs.elementor-tabs-view-horizontal .elementor-tab-desktop-title.elementor-active{border-bottom-style:none}.elementor-widget-tabs.elementor-tabs-view-horizontal .elementor-tab-desktop-title.elementor-active:after,.elementor-widget-tabs.elementor-tabs-view-horizontal .elementor-tab-desktop-title.elementor-active:before{bottom:0;height:0;width:999em;border-bottom-style:solid}.elementor-widget-tabs.elementor-tabs-view-horizontal .elementor-tab-desktop-title.elementor-active:before{right:100%}.elementor-widget-tabs.elementor-tabs-view-horizontal .elementor-tab-desktop-title.elementor-active:after{left:100%}.elementor-widget-tabs .elementor-tab-content,.elementor-widget-tabs .elementor-tab-title,.elementor-widget-tabs .elementor-tab-title:after,.elementor-widget-tabs .elementor-tab-title:before,.elementor-widget-tabs .elementor-tabs-content-wrapper{border:1px #d5d8dc}.elementor-widget-tabs .elementor-tabs{text-align:left}.elementor-widget-tabs .elementor-tabs-wrapper{overflow:hidden}.elementor-widget-tabs .elementor-tab-title{cursor:pointer;outline:var(--focus-outline,none)}.elementor-widget-tabs .elementor-tab-desktop-title{position:relative;padding:20px 25px;font-weight:700;line-height:1;border:solid transparent}.elementor-widget-tabs .elementor-tab-desktop-title.elementor-active{border-color:#d5d8dc}.elementor-widget-tabs .elementor-tab-desktop-title.elementor-active:after,.elementor-widget-tabs .elementor-tab-desktop-title.elementor-active:before{display:block;content:\"\";position:absolute}.elementor-widget-tabs .elementor-tab-desktop-title:focus-visible{border:1px solid #000}.elementor-widget-tabs .elementor-tab-mobile-title{padding:10px;cursor:pointer}.elementor-widget-tabs .elementor-tab-content{padding:20px;display:none}@media (max-width:767px){.elementor-tabs .elementor-tab-content,.elementor-tabs .elementor-tab-title{border-style:solid solid none}.elementor-tabs .elementor-tabs-wrapper{display:none}.elementor-tabs .elementor-tabs-content-wrapper{border-bottom-style:solid}.elementor-tabs .elementor-tab-content{padding:10px}}@media (min-width:768px){.elementor-widget-tabs.elementor-tabs-view-vertical .elementor-tabs{display:flex}.elementor-widget-tabs.elementor-tabs-view-vertical .elementor-tabs-wrapper{flex-direction:column}.elementor-widget-tabs.elementor-tabs-view-vertical .elementor-tabs-content-wrapper{flex-grow:1;border-style:solid solid solid none}.elementor-widget-tabs.elementor-tabs-view-horizontal .elementor-tab-content{border-style:none solid solid}.elementor-widget-tabs.elementor-tabs-alignment-center .elementor-tabs-wrapper,.elementor-widget-tabs.elementor-tabs-alignment-end .elementor-tabs-wrapper,.elementor-widget-tabs.elementor-tabs-alignment-stretch .elementor-tabs-wrapper{display:flex}.elementor-widget-tabs.elementor-tabs-alignment-center .elementor-tabs-wrapper{justify-content:center}.elementor-widget-tabs.elementor-tabs-alignment-end .elementor-tabs-wrapper{justify-content:flex-end}.elementor-widget-tabs.elementor-tabs-alignment-stretch.elementor-tabs-view-horizontal .elementor-tab-title{width:100%}.elementor-widget-tabs.elementor-tabs-alignment-stretch.elementor-tabs-view-vertical .elementor-tab-title{height:100%}.elementor-tabs .elementor-tab-mobile-title{display:none}}<\/style>        <div class=\"elementor-tabs\" role=\"tablist\">\n            <div class=\"elementor-tabs-wrapper\">\n                                    <div id=\"elementor-tab-title-7871\" class=\"elementor-tab-title elementor-active elementor-repeater-item-0c9967b\" data-tab=\"1\" role=\"tab\" aria-controls=\"elementor-tab-content-7871\">\n                        <span class=\"title\">UNSERE AUFGABE<\/span>\n                                            <\/div>\n                                    <div id=\"elementor-tab-title-7872\" class=\"elementor-tab-title  elementor-repeater-item-f9dbdd7\" data-tab=\"2\" role=\"tab\" aria-controls=\"elementor-tab-content-7872\">\n                        <span class=\"title\">UNSERE VISION<\/span>\n                                            <\/div>\n                \n                \n            <\/div>\n            <div class=\"elementor-tabs-content-wrapper\">\n                                    <div id=\"elementor-tab-content-7871\" class=\"elementor-tab-content elementor-clearfix elementor-active elementor-repeater-item-0c9967b\" data-tab=\"1\" role=\"tabpanel\" aria-labelledby=\"elementor-tab-title-7871\">\n                                                    <p>Villa Anthony ist bestrebt unseren G\u00e4sten ein au\u00dfergew\u00f6hnliches Erlebnis zu bieten und eine einladende und komfortable Atmosph\u00e4re zu schaffen, in der sich unsere G\u00e4ste wohlf\u00fchlen und entspannen, sowie einen unvergesslichen Aufenthalt verbringen k\u00f6nnen.<\/p><p>Wir legen gro\u00dfen Wert darauf, dass sich unsere G\u00e4ste wie zu Hause f\u00fchlen und alles haben, was sie f\u00fcr einen tollen und erholsamen Urlaub ben\u00f6tigen.<\/p><p>Villa Anthony setzt sich auch daf\u00fcr ein, die Sch\u00f6nheit und Ruhe unserer Umgebung in Rovinj, Kroatien, zu bewahren. Wir sind bestrebt, unser Anwesen umweltbewusst zu betreiben und die \u00f6rtliche Gemeinschaft durch die F\u00f6rderung nachhaltiger Tourismuspraktiken zu unterst\u00fctzen.<\/p><p>Das Ziel der Villa Anthony ist es die erste Wahl f\u00fcr diejenigen zu sein, die sich einen komfortablen und ruhigen Urlaub in Rovinj an der atemberaubenden Adria g\u00f6nnen wollen.<\/p>                                            <\/div>\n\n                                    <div id=\"elementor-tab-content-7872\" class=\"elementor-tab-content elementor-clearfix  elementor-repeater-item-f9dbdd7\" data-tab=\"2\" role=\"tabpanel\" aria-labelledby=\"elementor-tab-title-7872\">\n                                                    <p>Villa Anthony ist bestrebt, das Immobilienportfolio zu erweitern, um unseren gesch\u00e4tzten G\u00e4sten weiterhin unvergleichliche Erlebnisse zu bieten.<\/p><p>Unsere Vision ist es, neue Privatunterk\u00fcnfte zu erwerben, die unseren Werten wie Komfort, Zweckm\u00e4\u00dfigkeit und Eleganz entsprechen und au\u00dfergew\u00f6hnliche Annehmlichkeiten bieten, die den Bed\u00fcrfnissen unserer G\u00e4ste gerecht werden.<\/p><p>Unser Ziel ist es, unsere Kompetenz und Kenntnis aktueller Trends zu nutzen, um diese neuen Immobilien auf h\u00f6chstem Niveau zu planen, zu verwalten und zu betreuen. Unser Ziel ist es, unsere Position als erste Wahl f\u00fcr diejenigen zu behaupten, die einen komfortablen und ruhigen Urlaub an der atemberaubenden Adria suchen.<\/p><p>W\u00e4hrend wir unser Portfolio erweitern, bleiben wir unserem Engagement f\u00fcr nachhaltige Tourismuspraktiken und der Erhaltung der nat\u00fcrlichen Sch\u00f6nheit unserer Umgebung treu.<\/p><p>Wir sind bestrebt, einen positiven Einfluss auf die lokale Gemeinschaft auszu\u00fcben und zum Wachstum und zur Entwicklung der Tourismusbranche in Kroatien beizutragen. Wir sind bestrebt, f\u00fcr alle, dauerhafte Werte und positive Ergebnisse zu schaffen.<\/p>                                            <\/div>\n\n                            <\/div>\n        <\/div>\n        \t\t<\/div>\n\t\t\t\t<\/div>\n\t\t\t\t\t<\/div>\n\t\t<\/div>\n\t\t\t\t<div class=\"elementor-column elementor-col-50 elementor-top-column elementor-element elementor-element-abd9c55\" data-id=\"abd9c55\" data-element_type=\"column\">\n\t\t\t<div class=\"elementor-widget-wrap elementor-element-populated\">\n\t\t\t\t\t\t<div class=\"elementor-element elementor-element-be788cb image-style-seasona-yes elementor-widget elementor-widget-image\" data-id=\"be788cb\" data-element_type=\"widget\" data-widget_type=\"image.default\">\n\t\t\t\t<div class=\"elementor-widget-container\">\n\t\t\t<style>\/*! elementor - v3.19.0 - 29-01-2024 *\/\n.elementor-widget-image{text-align:center}.elementor-widget-image a{display:inline-block}.elementor-widget-image a img[src$=\".svg\"]{width:48px}.elementor-widget-image img{vertical-align:middle;display:inline-block}<\/style>\t\t\t\t\t\t\t\t\t\t\t<a href=\"https:\/\/villa-anthony.com\/wp-content\/uploads\/2026\/02\/villa_anthony_view-1.jpg\" data-elementor-open-lightbox=\"yes\" data-elementor-lightbox-title=\"villa_anthony_view.jpg\" data-e-action-hash=\"#elementor-action%3Aaction%3Dlightbox%26settings%3DeyJpZCI6OTY4MCwidXJsIjoiaHR0cHM6XC9cL3ZpbGxhLWFudGhvbnkuY29tXC93cC1jb250ZW50XC91cGxvYWRzXC8yMDI2XC8wMlwvdmlsbGFfYW50aG9ueV92aWV3LTEuanBnIn0%3D\">\n\t\t\t\t\t\t\t<img fetchpriority=\"high\" decoding=\"async\" width=\"1344\" height=\"768\" src=\"https:\/\/villa-anthony.com\/wp-content\/uploads\/2026\/02\/villa_anthony_view-1.jpg\" class=\"attachment-full size-full wp-image-9680\" alt=\"\" srcset=\"https:\/\/villa-anthony.com\/wp-content\/uploads\/2026\/02\/villa_anthony_view-1.jpg 1344w, https:\/\/villa-anthony.com\/wp-content\/uploads\/2026\/02\/villa_anthony_view-1-300x171.jpg 300w, https:\/\/villa-anthony.com\/wp-content\/uploads\/2026\/02\/villa_anthony_view-1-1024x585.jpg 1024w, https:\/\/villa-anthony.com\/wp-content\/uploads\/2026\/02\/villa_anthony_view-1-768x439.jpg 768w, https:\/\/villa-anthony.com\/wp-content\/uploads\/2026\/02\/villa_anthony_view-1-350x200.jpg 350w, https:\/\/villa-anthony.com\/wp-content\/uploads\/2026\/02\/villa_anthony_view-1-960x550.jpg 960w\" sizes=\"(max-width: 1344px) 100vw, 1344px\" \/>\t\t\t\t\t\t\t\t<\/a>\n\t\t\t\t\t\t\t\t\t\t\t\t\t<\/div>\n\t\t\t\t<\/div>\n\t\t\t\t<div class=\"elementor-element elementor-element-c9a7fec elementor-widget elementor-widget-spacer\" data-id=\"c9a7fec\" data-element_type=\"widget\" data-widget_type=\"spacer.default\">\n\t\t\t\t<div class=\"elementor-widget-container\">\n\t\t\t\t\t<div class=\"elementor-spacer\">\n\t\t\t<div class=\"elementor-spacer-inner\"><\/div>\n\t\t<\/div>\n\t\t\t\t<\/div>\n\t\t\t\t<\/div>\n\t\t\t\t<section class=\"elementor-section elementor-inner-section elementor-element elementor-element-272458a elementor-section-boxed elementor-section-height-default elementor-section-height-default\" data-id=\"272458a\" data-element_type=\"section\">\n\t\t\t\t\t\t<div class=\"elementor-container elementor-column-gap-no\">\n\t\t\t\t\t<div class=\"elementor-column elementor-col-50 elementor-inner-column elementor-element elementor-element-d8099c2\" data-id=\"d8099c2\" data-element_type=\"column\">\n\t\t\t<div class=\"elementor-widget-wrap elementor-element-populated\">\n\t\t\t\t\t\t<div class=\"elementor-element elementor-element-fd77cf6 elementor-widget__width-initial image-style-seasona-yes elementor-widget elementor-widget-image\" data-id=\"fd77cf6\" data-element_type=\"widget\" data-widget_type=\"image.default\">\n\t\t\t\t<div class=\"elementor-widget-container\">\n\t\t\t\t\t\t\t\t\t\t\t\t\t\t<a href=\"https:\/\/villa-anthony.com\/wp-content\/uploads\/2026\/02\/about_us_2.jpg\" data-elementor-open-lightbox=\"yes\" data-elementor-lightbox-title=\"about_us_2.jpg\" data-e-action-hash=\"#elementor-action%3Aaction%3Dlightbox%26settings%3DeyJpZCI6Ijk2ODMiLCJ1cmwiOiJodHRwczpcL1wvdmlsbGEtYW50aG9ueS5jb21cL3dwLWNvbnRlbnRcL3VwbG9hZHNcLzIwMjZcLzAyXC9hYm91dF91c18yLmpwZyJ9\">\n\t\t\t\t\t\t\t<img decoding=\"async\" width=\"630\" height=\"780\" src=\"https:\/\/villa-anthony.com\/wp-content\/uploads\/2026\/02\/about_us_2.jpg\" class=\"attachment-full size-full wp-image-9683\" alt=\"\" srcset=\"https:\/\/villa-anthony.com\/wp-content\/uploads\/2026\/02\/about_us_2.jpg 630w, https:\/\/villa-anthony.com\/wp-content\/uploads\/2026\/02\/about_us_2-242x300.jpg 242w\" sizes=\"(max-width: 630px) 100vw, 630px\" \/>\t\t\t\t\t\t\t\t<\/a>\n\t\t\t\t\t\t\t\t\t\t\t\t\t<\/div>\n\t\t\t\t<\/div>\n\t\t\t\t\t<\/div>\n\t\t<\/div>\n\t\t\t\t<div class=\"elementor-column elementor-col-50 elementor-inner-column elementor-element elementor-element-6550c37\" data-id=\"6550c37\" data-element_type=\"column\">\n\t\t\t<div class=\"elementor-widget-wrap elementor-element-populated\">\n\t\t\t\t\t\t<div class=\"elementor-element elementor-element-d68b712 elementor-widget__width-initial image-style-seasona-yes elementor-widget elementor-widget-image\" data-id=\"d68b712\" data-element_type=\"widget\" data-widget_type=\"image.default\">\n\t\t\t\t<div class=\"elementor-widget-container\">\n\t\t\t\t\t\t\t\t\t\t\t\t\t\t<a href=\"https:\/\/villa-anthony.com\/wp-content\/uploads\/2026\/02\/about_us_3.jpg\" data-elementor-open-lightbox=\"yes\" data-elementor-lightbox-title=\"about_us_3.jpg\" data-e-action-hash=\"#elementor-action%3Aaction%3Dlightbox%26settings%3DeyJpZCI6Ijk2ODYiLCJ1cmwiOiJodHRwczpcL1wvdmlsbGEtYW50aG9ueS5jb21cL3dwLWNvbnRlbnRcL3VwbG9hZHNcLzIwMjZcLzAyXC9hYm91dF91c18zLmpwZyJ9\">\n\t\t\t\t\t\t\t<img decoding=\"async\" width=\"939\" height=\"600\" src=\"https:\/\/villa-anthony.com\/wp-content\/uploads\/2026\/02\/about_us_3.jpg\" class=\"attachment-full size-full wp-image-9686\" alt=\"\" srcset=\"https:\/\/villa-anthony.com\/wp-content\/uploads\/2026\/02\/about_us_3.jpg 939w, https:\/\/villa-anthony.com\/wp-content\/uploads\/2026\/02\/about_us_3-300x192.jpg 300w, https:\/\/villa-anthony.com\/wp-content\/uploads\/2026\/02\/about_us_3-768x491.jpg 768w\" sizes=\"(max-width: 939px) 100vw, 939px\" \/>\t\t\t\t\t\t\t\t<\/a>\n\t\t\t\t\t\t\t\t\t\t\t\t\t<\/div>\n\t\t\t\t<\/div>\n\t\t\t\t\t<\/div>\n\t\t<\/div>\n\t\t\t\t\t<\/div>\n\t\t<\/section>\n\t\t\t\t\t<\/div>\n\t\t<\/div>\n\t\t\t\t\t<\/div>\n\t\t<\/section>\n\t\t\t\t<section class=\"elementor-section elementor-top-section elementor-element elementor-element-a0e3a11 elementor-section-stretched elementor-section-boxed elementor-section-height-default elementor-section-height-default\" data-id=\"a0e3a11\" data-element_type=\"section\" data-settings=\"{&quot;stretch_section&quot;:&quot;section-stretched&quot;,&quot;background_background&quot;:&quot;classic&quot;}\">\n\t\t\t\t\t\t<div class=\"elementor-container elementor-column-gap-no\">\n\t\t\t\t\t<div class=\"elementor-column elementor-col-50 elementor-top-column elementor-element elementor-element-4070233\" data-id=\"4070233\" data-element_type=\"column\" data-settings=\"{&quot;background_background&quot;:&quot;classic&quot;}\">\n\t\t\t<div class=\"elementor-widget-wrap elementor-element-populated\">\n\t\t\t\t\t\t<div class=\"elementor-element elementor-element-ec03221 elementor-widget elementor-widget-spacer\" data-id=\"ec03221\" data-element_type=\"widget\" data-widget_type=\"spacer.default\">\n\t\t\t\t<div class=\"elementor-widget-container\">\n\t\t\t\t\t<div class=\"elementor-spacer\">\n\t\t\t<div class=\"elementor-spacer-inner\"><\/div>\n\t\t<\/div>\n\t\t\t\t<\/div>\n\t\t\t\t<\/div>\n\t\t\t\t\t<\/div>\n\t\t<\/div>\n\t\t\t\t<div class=\"elementor-column elementor-col-50 elementor-top-column elementor-element elementor-element-19c1996 elementor-hidden-mobile\" data-id=\"19c1996\" data-element_type=\"column\">\n\t\t\t<div class=\"elementor-widget-wrap\">\n\t\t\t\t\t\t\t<\/div>\n\t\t<\/div>\n\t\t\t\t\t<\/div>\n\t\t<\/section>\n\t\t\t\t<\/div>\n\t\t","protected":false},"excerpt":{"rendered":"<p>Wir freuen uns auf Deinen Besuch Villa Anthony \u201eDas Leben ist eine endlose Reise voller erstaunlicher Abenteuer, die Dich an unerwartete Orte f\u00fchrt und Dir beibringt, unterschiedliche Kulturen und Traditionen zu respektieren. Du wirst Menschen treffen, die Dein Herz ber\u00fchren und Deine Sicht auf das Leben ver\u00e4ndern. Diese sch\u00f6nen Erinnerungen bleiben f\u00fcr immer in Deiner [&hellip;]<\/p>\n","protected":false},"author":1,"featured_media":0,"parent":0,"menu_order":0,"comment_status":"closed","ping_status":"closed","template":"template-homepage.php","meta":{"inline_featured_image":false,"footnotes":""},"_links":{"self":[{"href":"https:\/\/villa-anthony.com\/de\/index.php\/wp-json\/wp\/v2\/pages\/8664"}],"collection":[{"href":"https:\/\/villa-anthony.com\/de\/index.php\/wp-json\/wp\/v2\/pages"}],"about":[{"href":"https:\/\/villa-anthony.com\/de\/index.php\/wp-json\/wp\/v2\/types\/page"}],"author":[{"embeddable":true,"href":"https:\/\/villa-anthony.com\/de\/index.php\/wp-json\/wp\/v2\/users\/1"}],"replies":[{"embeddable":true,"href":"https:\/\/villa-anthony.com\/de\/index.php\/wp-json\/wp\/v2\/comments?post=8664"}],"version-history":[{"count":22,"href":"https:\/\/villa-anthony.com\/de\/index.php\/wp-json\/wp\/v2\/pages\/8664\/revisions"}],"predecessor-version":[{"id":9691,"href":"https:\/\/villa-anthony.com\/de\/index.php\/wp-json\/wp\/v2\/pages\/8664\/revisions\/9691"}],"wp:attachment":[{"href":"https:\/\/villa-anthony.com\/de\/index.php\/wp-json\/wp\/v2\/media?parent=8664"}],"curies":[{"name":"wp","href":"https:\/\/api.w.org\/{rel}","templated":true}]}}